



{"id":1323,"date":"2023-04-06T08:16:33","date_gmt":"2023-04-06T08:16:33","guid":{"rendered":"https:\/\/bedstedloe.gruppesite.dk\/?page_id=1323"},"modified":"2025-05-09T08:41:00","modified_gmt":"2025-05-09T08:41:00","slug":"hej-med-jer","status":"publish","type":"page","link":"https:\/\/bedstedloe.gruppesite.dk\/","title":{"rendered":"Velkommen til KFUM Spejderne Bedsted"},"content":{"rendered":"\n<h1 class=\"wp-block-heading\"><strong>Sammen rykker vi verden &#8211; med vilje.<\/strong><\/h1>\n\n\n\n<ul class=\"wp-block-list\">\n<li>KFUM-spejderne giver b\u00f8rn og unge mod til sammen at tage ansvar for en bedre verden.<\/li>\n\n\n\n<li>Det g\u00f8r vi ved at udvikle v\u00e6rdifulde kompetencer og skabe meningsfulde f\u00e6llesskaber med liv og begejstring, som er attraktive for b\u00f8rn og unge.<\/li>\n\n\n\n<li>Det betyder, at den enkelte spejder f\u00f8ler sig stolt og anerkendt for at g\u00f8re en forskel.<\/li>\n<\/ul>\n\n\n\n<p><strong>Spejderhytten i Bedsted \u2013 Natur, f\u00e6llesskab og friluftsliv<\/strong><\/p>\n\n\n\n<p><strong>Midt i den smukke s\u00f8nderjyske natur, i udkanten af Bedsted, ligger den hyggelige spejderhytte \u2013 et samlingspunkt for b\u00f8rn, unge og voksne med hang til friluftsliv og f\u00e6llesskab. Hytten er omgivet af gr\u00f8nne omr\u00e5der, tr\u00e6er og stier, der indbyder til leg, l\u00e6ring og oplevelser i det fri.<\/strong><\/p>\n\n\n\n<p><strong>Spejderhytten danner rammen om mange af omr\u00e5dets spejderaktiviteter og arrangementer \u2013 lige fra lejrb\u00e5l og snobr\u00f8d til weekendture og natl\u00f8b. Her er plads til b\u00e5de ro og eventyr, og faciliteterne g\u00f8r det muligt at v\u00e6re b\u00e5de ude og inde, alt efter vejr og \u00e5rstid.<\/strong><\/p>\n\n\n\n<p><strong>Hytten har plads til 10 sovepladser og en samlingssal med plads til op til 50 personer, hvilket g\u00f8r den velegnet til m\u00f8der, workshops, f\u00e6llesspisning og andre arrangementer i st\u00f8rre grupper. Den kan lejes til alt fra b\u00f8rnef\u00f8dselsdage og familieweekender til spejderlejre og foreningsaktiviteter.<\/strong><\/p>\n\n\n\n<p><strong>Udenfor findes en stor gr\u00e6spl\u00e6ne, hvor der er rig mulighed for leg og aktiviteter \u2013 og god plads til at sl\u00e5 telte op. Derudover r\u00e5der omr\u00e5det over to sheltere, som giver ekstra mulighed for overnatning i det fri.<\/strong><\/p>\n\n\n\n<p><strong>I den n\u00e6rliggende skov ligger en dejlig naturlegeplads med plads til at klatre, balancere og udforske \u2013 perfekt til b\u00f8rn i alle aldre. Ved siden af ligger et madpakkehus, hvor man kan nyde medbragt mad i t\u00f8rvejr og hyggelige omgivelser.<\/strong><\/p>\n\n\n\n<p><strong>Her f\u00e5r man en afslappet atmosf\u00e6re og en \u00e6gte fornemmelse af at v\u00e6re t\u00e6t p\u00e5 naturen \u2013 uanset om man overnatter indenfor, i shelter eller under teltdugen.<\/strong><\/p>\n\n\n\n<p>Her kan du se hvilke enheder Bedsted gruppen kan tilbyde, <a href=\"https:\/\/bedstedloe.gruppesite.dk\/?page_id=49\">klik her.<\/a><\/p>\n\n\n\n<p><a href=\"https:\/\/www.facebook.com\/groups\/949569258409214\/\">F\u00e5 ogs\u00e5 INFO p\u00e5 vores facebookside<\/a><\/p>\n\n\n\n<p><\/p>\n\n\n\n<figure class=\"wp-block-image\"><a href=\"http:\/\/bedstedloe.gruppesite.dk\/wp-content\/uploads\/sites\/134\/2020\/03\/Udenfor-mod-nord-scaled.jpg\" target=\"_blank\" rel=\"noreferrer noopener\"><img loading=\"lazy\" decoding=\"async\" width=\"300\" height=\"225\" src=\"http:\/\/bedstedloe.gruppesite.dk\/wp-content\/uploads\/sites\/134\/2020\/03\/Udenfor-mod-nord-300x225.jpg\" alt=\"Billed af puslespil.\" class=\"wp-image-1015\" srcset=\"https:\/\/bedstedloe.gruppesite.dk\/wp-content\/uploads\/sites\/134\/2020\/03\/Udenfor-mod-nord-300x225.jpg 300w, https:\/\/bedstedloe.gruppesite.dk\/wp-content\/uploads\/sites\/134\/2020\/03\/Udenfor-mod-nord-1024x768.jpg 1024w, https:\/\/bedstedloe.gruppesite.dk\/wp-content\/uploads\/sites\/134\/2020\/03\/Udenfor-mod-nord-768x576.jpg 768w, https:\/\/bedstedloe.gruppesite.dk\/wp-content\/uploads\/sites\/134\/2020\/03\/Udenfor-mod-nord-1536x1152.jpg 1536w, https:\/\/bedstedloe.gruppesite.dk\/wp-content\/uploads\/sites\/134\/2020\/03\/Udenfor-mod-nord-2048x1536.jpg 2048w\" sizes=\"auto, (max-width: 300px) 100vw, 300px\" \/><\/a><\/figure>\n\n\n\n<p>&nbsp;<a href=\"https:\/\/www.jigidi.com\/solve.php?id=T4VFQNUA\">Klik her for at lave billedet til et puslespilet af spejderhytten, det er p\u00e5 300 brikker.<\/a><br>&nbsp;<\/p>\n\n\n\n<p><\/p>\n","protected":false},"excerpt":{"rendered":"<p>Sammen rykker vi verden &#8211; med vilje. Spejderhytten i Bedsted \u2013 Natur, f\u00e6llesskab og friluftsliv Midt i den smukke s\u00f8nderjyske..<\/p>\n","protected":false},"author":319,"featured_media":0,"parent":0,"menu_order":0,"comment_status":"closed","ping_status":"closed","template":"template\/template_enhed.php","meta":{"ngg_post_thumbnail":0,"footnotes":""},"class_list":["post-1323","page","type-page","status-publish","hentry"],"_links":{"self":[{"href":"https:\/\/bedstedloe.gruppesite.dk\/index.php?rest_route=\/wp\/v2\/pages\/1323","targetHints":{"allow":["GET"]}}],"collection":[{"href":"https:\/\/bedstedloe.gruppesite.dk\/index.php?rest_route=\/wp\/v2\/pages"}],"about":[{"href":"https:\/\/bedstedloe.gruppesite.dk\/index.php?rest_route=\/wp\/v2\/types\/page"}],"author":[{"embeddable":true,"href":"https:\/\/bedstedloe.gruppesite.dk\/index.php?rest_route=\/wp\/v2\/users\/319"}],"replies":[{"embeddable":true,"href":"https:\/\/bedstedloe.gruppesite.dk\/index.php?rest_route=%2Fwp%2Fv2%2Fcomments&post=1323"}],"version-history":[{"count":9,"href":"https:\/\/bedstedloe.gruppesite.dk\/index.php?rest_route=\/wp\/v2\/pages\/1323\/revisions"}],"predecessor-version":[{"id":1841,"href":"https:\/\/bedstedloe.gruppesite.dk\/index.php?rest_route=\/wp\/v2\/pages\/1323\/revisions\/1841"}],"wp:attachment":[{"href":"https:\/\/bedstedloe.gruppesite.dk\/index.php?rest_route=%2Fwp%2Fv2%2Fmedia&parent=1323"}],"curies":[{"name":"wp","href":"https:\/\/api.w.org\/{rel}","templated":true}]}}