



{"id":149,"date":"2016-03-12T10:34:12","date_gmt":"2016-03-12T10:34:12","guid":{"rendered":"http:\/\/bedstedloe.gruppesite.dk\/?page_id=149"},"modified":"2023-04-07T07:44:41","modified_gmt":"2023-04-07T07:44:41","slug":"om-bedsted-spejderne","status":"publish","type":"page","link":"https:\/\/bedstedloe.gruppesite.dk\/?page_id=149","title":{"rendered":"Om Bedsted spejderne"},"content":{"rendered":"\n<h1 class=\"wp-block-heading\"><span style=\"color: #008000\">Velkommen som spejder i Bedsted<\/span><\/h1>\n\n\n\n<p>Hvem er vi?<\/p>\n\n\n\n<p>Der har v\u00e6ret spejdere i Bedsted siden 1946.<br>S\u00e5 l\u00e5 det stille i en \u00e5rr\u00e6kke for igen at blive startet i 1959.<\/p>\n\n\n\n<p>Spejderarbejdet foregik p\u00e5 Lundbyesvej skr\u00e5t over for&nbsp; k\u00f8bmanden, i en nu lys gul bygning.<\/p>\n\n\n\n<p>I 1999 blev den <a href=\"http:\/\/bedstedloe.gruppesite.dk\/om-os\/spejderhuset\/\">nuv\u00e6rende hytte<\/a> p\u00e5 Kirkegade taget i brug, hytten ligger med skov p\u00e5 2 sider.<\/p>\n\n\n\n<p>Der er ogs\u00e5 2 sheltere &#8211; Ly &amp; L\u00e6, 2 b\u00e5lsteder &#8211; 1 lille og et stort plus et udek\u00f8kken med bordplade<\/p>\n\n\n\n<p>i 2 h\u00f8jder, s\u00e5 alle kan v\u00e6re med, store som sm\u00e5.<\/p>\n\n\n\n<p>Der er selvf\u00f8lgelig ogs\u00e5 borde\/b\u00e6nkes\u00e6t og en dejlig stor gr\u00e6spl\u00e6ne man kan boltre sig p\u00e5.<\/p>\n\n\n\n<p>Vi har spejdergrupper til alle aldre,<\/p>\n\n\n\n<p>Spejdernes V\u00e6rdier er:<\/p>\n\n\n\n<p>&#8211; Mulighed for nogle eventyrlige oplevelser og sp\u00e6ndende aktiviteter<\/p>\n\n\n\n<p>&#8211; Et godt kammeratskab og venskab omkring dig<\/p>\n\n\n\n<p>-L\u00e6re om livet i naturen og v\u00e6rne om den<\/p>\n\n\n\n<p>-Tr\u00e6ning af dine sanser<\/p>\n\n\n\n<p>-Samfundet omkring dig, og kirken.<\/p>\n\n\n\n<p>KFUM Spejderne Bedsted L\u00f8. vil ca. 2 gange om \u00e5ret v\u00e6re p\u00e5 weekendtur, og s\u00e5 er der sommerlejr i juni\/juli. Du vil ogs\u00e5 f\u00e5 mulighed for at deltage p\u00e5 l\u00f8b sammen med spejdere fra den \u00f8vrige del af Guldhorns&nbsp; distrikt ( L\u00f8gumkloster, T\u00f8nder, Ravsted, Bylderup-Bov, Br\u00f8ns, R\u00f8m\u00f8,&nbsp; Nr. L\u00f8gum. \u00d8. H\u00f8jst, Abild og Visby).<\/p>\n\n\n\n<p><a href=\"https:\/\/www.facebook.com\/groups\/949569258409214\/\">Se vores Facebook<\/a> &#8211; KFUM Spejderne Bedsted L\u00f8<\/p>\n\n\n\n<p>www.bedstedloe.gruppesite.dk<\/p>\n\n\n\n<p>Ud over dette holder vi flere arrangementer for alle interesserede.<\/p>\n\n\n\n<p>Da vi er stolte af vores spejderhytte, s\u00e5 udlejer vi ogs\u00e5 hytten til div. form\u00e5l, <\/p>\n\n\n\n<p>Opdateret den 6 April 2023<\/p>\n","protected":false},"excerpt":{"rendered":"<p>Velkommen som spejder i Bedsted Hvem er vi? Der har v\u00e6ret spejdere i Bedsted siden 1946.S\u00e5 l\u00e5 det stille i..<\/p>\n","protected":false},"author":319,"featured_media":0,"parent":0,"menu_order":0,"comment_status":"closed","ping_status":"closed","template":"template\/template_enhed.php","meta":{"ngg_post_thumbnail":0,"footnotes":""},"class_list":["post-149","page","type-page","status-publish","hentry"],"_links":{"self":[{"href":"https:\/\/bedstedloe.gruppesite.dk\/index.php?rest_route=\/wp\/v2\/pages\/149","targetHints":{"allow":["GET"]}}],"collection":[{"href":"https:\/\/bedstedloe.gruppesite.dk\/index.php?rest_route=\/wp\/v2\/pages"}],"about":[{"href":"https:\/\/bedstedloe.gruppesite.dk\/index.php?rest_route=\/wp\/v2\/types\/page"}],"author":[{"embeddable":true,"href":"https:\/\/bedstedloe.gruppesite.dk\/index.php?rest_route=\/wp\/v2\/users\/319"}],"replies":[{"embeddable":true,"href":"https:\/\/bedstedloe.gruppesite.dk\/index.php?rest_route=%2Fwp%2Fv2%2Fcomments&post=149"}],"version-history":[{"count":12,"href":"https:\/\/bedstedloe.gruppesite.dk\/index.php?rest_route=\/wp\/v2\/pages\/149\/revisions"}],"predecessor-version":[{"id":1344,"href":"https:\/\/bedstedloe.gruppesite.dk\/index.php?rest_route=\/wp\/v2\/pages\/149\/revisions\/1344"}],"wp:attachment":[{"href":"https:\/\/bedstedloe.gruppesite.dk\/index.php?rest_route=%2Fwp%2Fv2%2Fmedia&parent=149"}],"curies":[{"name":"wp","href":"https:\/\/api.w.org\/{rel}","templated":true}]}}