



{"id":166,"date":"2016-03-12T11:40:08","date_gmt":"2016-03-12T11:40:08","guid":{"rendered":"http:\/\/bedstedloe.gruppesite.dk\/?page_id=166"},"modified":"2023-04-07T07:45:20","modified_gmt":"2023-04-07T07:45:20","slug":"spejder","status":"publish","type":"page","link":"https:\/\/bedstedloe.gruppesite.dk\/?page_id=166","title":{"rendered":"Spejder"},"content":{"rendered":"<div>Der er Spejder hver Mandag fra 18,30-20,00 (Undtaget skolernes ferie)<\/div>\n<div>&nbsp;<\/div>\n<div>Spejdertroppen er den \u00e6ldste b\u00f8rne enhed i gruppen og best\u00e5r af b\u00f8rn (piger og drenge) fra 4. kl.<\/div>\n<div>&nbsp;<\/div>\n<div>Et spejderm\u00f8de er b\u00e5de sjov og ballade og l\u00e6ring.<\/div>\n<div>Vi har om&nbsp;bla. om knob, koder, kort, kompas , f\u00f8rstehj\u00e6lp&nbsp;og meget mere.<\/div>\n<ul>\n<li><span class=\"contentnormal\">Spejderliv kan&nbsp;<em>beskrives<\/em>&nbsp;med ord, men kan kun&nbsp;<em>opleves<\/em>&nbsp;i virkeligheden<\/span><\/li>\n<li><span class=\"contentnormal\">Spejderliv foreg\u00e5r i t\u00e6t kontakt med naturen<\/span><\/li>\n<li><span class=\"contentnormal\">Spejderliv foreg\u00e5r i et n\u00e6rt f\u00e6llesskab med spejderkammeraterne&nbsp;<\/span><\/li>\n<\/ul>\n<p>Du vil her m\u00f8de lederne Emma &amp; Anita.<\/p>\n<p>KFUM Spejderne Bedsted<\/p>\n","protected":false},"excerpt":{"rendered":"<p>Der er Spejder hver Mandag fra 18,30-20,00 (Undtaget skolernes ferie) &nbsp; Spejdertroppen er den \u00e6ldste b\u00f8rne enhed i gruppen og..<\/p>\n","protected":false},"author":319,"featured_media":0,"parent":0,"menu_order":0,"comment_status":"closed","ping_status":"closed","template":"template\/template_enhed.php","meta":{"ngg_post_thumbnail":0,"footnotes":""},"class_list":["post-166","page","type-page","status-publish","hentry"],"_links":{"self":[{"href":"https:\/\/bedstedloe.gruppesite.dk\/index.php?rest_route=\/wp\/v2\/pages\/166","targetHints":{"allow":["GET"]}}],"collection":[{"href":"https:\/\/bedstedloe.gruppesite.dk\/index.php?rest_route=\/wp\/v2\/pages"}],"about":[{"href":"https:\/\/bedstedloe.gruppesite.dk\/index.php?rest_route=\/wp\/v2\/types\/page"}],"author":[{"embeddable":true,"href":"https:\/\/bedstedloe.gruppesite.dk\/index.php?rest_route=\/wp\/v2\/users\/319"}],"replies":[{"embeddable":true,"href":"https:\/\/bedstedloe.gruppesite.dk\/index.php?rest_route=%2Fwp%2Fv2%2Fcomments&post=166"}],"version-history":[{"count":11,"href":"https:\/\/bedstedloe.gruppesite.dk\/index.php?rest_route=\/wp\/v2\/pages\/166\/revisions"}],"predecessor-version":[{"id":1274,"href":"https:\/\/bedstedloe.gruppesite.dk\/index.php?rest_route=\/wp\/v2\/pages\/166\/revisions\/1274"}],"wp:attachment":[{"href":"https:\/\/bedstedloe.gruppesite.dk\/index.php?rest_route=%2Fwp%2Fv2%2Fmedia&parent=166"}],"curies":[{"name":"wp","href":"https:\/\/api.w.org\/{rel}","templated":true}]}}