



{"id":283,"date":"2016-03-12T18:42:27","date_gmt":"2016-03-12T18:42:27","guid":{"rendered":"http:\/\/bedstedloe.gruppesite.dk\/?page_id=283"},"modified":"2023-04-07T07:44:06","modified_gmt":"2023-04-07T07:44:06","slug":"ulve-billeder","status":"publish","type":"page","link":"https:\/\/bedstedloe.gruppesite.dk\/?page_id=283","title":{"rendered":"Ulve billeder"},"content":{"rendered":"<p>Her kan du se en masse gamle ulve billeder, m\u00e5ske kan du finde dig selv som ung.<\/p>\n<p>\t<div class=\"ngg-albumoverview default-view\">\n\t\t\t\t\t<div class=\"ngg-album-compact\">\n\t\t\t\t<div class=\"ngg-album-compactbox\">\n\t\t\t\t\t<div class=\"ngg-album-link\">\n\t\t\t\t\t\t\t\t\t\t\t\t\t\t\t\t\t\t\t\t\t<a title='Bro - vand aktivitet 11.04.2005' href='https:\/\/bedstedloe.gruppesite.dk\/index.php\/nggallery\/ulve\/bro-vand-aktivitet-11-04-2005?page_id=283'>\n\t\t\t\t\t\t\t\t\t<img class=\"Thumb\"\n\t\t\t\t\t\t\t\t\t\talt=\"Bro - vand aktivitet 11.04.2005\"\n\t\t\t\t\t\t\t\t\t\tsrc=\"https:\/\/bedstedloe.gruppesite.dk\/wp-content\/uploads\/sites\/134\/nggallery\/bro-vand-aktivitet-11-04-2005\/cache\/HPIM0966.JPG-nggid03176-ngg0dyn-91x68-00f0w010c011r110f110r010t010.JPG?t=1680772098\"\/>\n\t\t\t\t\t\t\t\t<\/a>\n\t\t\t\t\t\t\t\t\t\t\t\t\t\t\t\t\t\t<\/div>\n\t\t\t\t<\/div>\n\t\t\t\t\t\t\t\t<h4>\n\t\t\t\t\t<a class='ngg-album-desc'\n\t\t\t\t\ttitle='Bro - vand aktivitet 11.04.2005' href='https:\/\/bedstedloe.gruppesite.dk\/index.php\/nggallery\/ulve\/bro-vand-aktivitet-11-04-2005?page_id=283'style=\"max-width: 111px\"\t\t\t\t\t>\n\t\t\t\t\t\tBro - vand aktivitet 11.04.2005\t\t\t\t\t<\/a>\n\t\t\t\t<\/h4>\n\t\t\t\t<p class=\"ngg-album-gallery-image-counter\">\n\t\t\t\t\t\t\t\t\t\t\t<strong>10<\/strong>&nbsp;Fotos\t\t\t\t\t\t\t\t\t<\/p>\n\t\t\t<\/div>\n\t\t\t\t\t<div class=\"ngg-album-compact\">\n\t\t\t\t<div class=\"ngg-album-compactbox\">\n\t\t\t\t\t<div class=\"ngg-album-link\">\n\t\t\t\t\t\t\t\t\t\t\t\t\t\t\t\t\t\t\t\t\t<a title='Hulebygning - 02.05.2007' href='https:\/\/bedstedloe.gruppesite.dk\/index.php\/nggallery\/ulve\/hulebygning-02-05-2007?page_id=283'>\n\t\t\t\t\t\t\t\t\t<img class=\"Thumb\"\n\t\t\t\t\t\t\t\t\t\talt=\"Hulebygning - 02.05.2007\"\n\t\t\t\t\t\t\t\t\t\tsrc=\"https:\/\/bedstedloe.gruppesite.dk\/wp-content\/uploads\/sites\/134\/nggallery\/hulebygning-02-05-2007\/cache\/IMG_5110.JPG-nggid0296-ngg0dyn-91x68-00f0w010c011r110f110r010t010.JPG?t=1577142904\"\/>\n\t\t\t\t\t\t\t\t<\/a>\n\t\t\t\t\t\t\t\t\t\t\t\t\t\t\t\t\t\t<\/div>\n\t\t\t\t<\/div>\n\t\t\t\t\t\t\t\t<h4>\n\t\t\t\t\t<a class='ngg-album-desc'\n\t\t\t\t\ttitle='Hulebygning - 02.05.2007' href='https:\/\/bedstedloe.gruppesite.dk\/index.php\/nggallery\/ulve\/hulebygning-02-05-2007?page_id=283'style=\"max-width: 111px\"\t\t\t\t\t>\n\t\t\t\t\t\tHulebygning - 02.05.2007\t\t\t\t\t<\/a>\n\t\t\t\t<\/h4>\n\t\t\t\t<p class=\"ngg-album-gallery-image-counter\">\n\t\t\t\t\t\t\t\t\t\t\t<strong>30<\/strong>&nbsp;Fotos\t\t\t\t\t\t\t\t\t<\/p>\n\t\t\t<\/div>\n\t\t\t\t\t<div class=\"ngg-album-compact\">\n\t\t\t\t<div class=\"ngg-album-compactbox\">\n\t\t\t\t\t<div class=\"ngg-album-link\">\n\t\t\t\t\t\t\t\t\t\t\t\t\t\t\t\t\t\t\t\t\t<a title='Bolsjekogning 08.11.2006' href='https:\/\/bedstedloe.gruppesite.dk\/index.php\/nggallery\/ulve\/bolsjekogning-08-11-2006?page_id=283'>\n\t\t\t\t\t\t\t\t\t<img class=\"Thumb\"\n\t\t\t\t\t\t\t\t\t\talt=\"Bolsjekogning 08.11.2006\"\n\t\t\t\t\t\t\t\t\t\tsrc=\"https:\/\/bedstedloe.gruppesite.dk\/wp-content\/uploads\/sites\/134\/nggallery\/bolsjekogning-08-11-2006\/cache\/HPIM1091.JPG-nggid03186-ngg0dyn-91x68-00f0w010c011r110f110r010t010.JPG?t=1577142895\"\/>\n\t\t\t\t\t\t\t\t<\/a>\n\t\t\t\t\t\t\t\t\t\t\t\t\t\t\t\t\t\t<\/div>\n\t\t\t\t<\/div>\n\t\t\t\t\t\t\t\t<h4>\n\t\t\t\t\t<a class='ngg-album-desc'\n\t\t\t\t\ttitle='Bolsjekogning 08.11.2006' href='https:\/\/bedstedloe.gruppesite.dk\/index.php\/nggallery\/ulve\/bolsjekogning-08-11-2006?page_id=283'style=\"max-width: 111px\"\t\t\t\t\t>\n\t\t\t\t\t\tBolsjekogning 08.11.2006\t\t\t\t\t<\/a>\n\t\t\t\t<\/h4>\n\t\t\t\t<p class=\"ngg-album-gallery-image-counter\">\n\t\t\t\t\t\t\t\t\t\t\t<strong>3<\/strong>&nbsp;Fotos\t\t\t\t\t\t\t\t\t<\/p>\n\t\t\t<\/div>\n\t\t\t\t\t<div class=\"ngg-album-compact\">\n\t\t\t\t<div class=\"ngg-album-compactbox\">\n\t\t\t\t\t<div class=\"ngg-album-link\">\n\t\t\t\t\t\t\t\t\t\t\t\t\t\t\t\t\t\t\t\t\t<a title='T\u00f8rkl\u00e6dering - v\u00e6rksted 14.01.2009' href='https:\/\/bedstedloe.gruppesite.dk\/index.php\/nggallery\/ulve\/toerklaedering-vaerksted?page_id=283'>\n\t\t\t\t\t\t\t\t\t<img class=\"Thumb\"\n\t\t\t\t\t\t\t\t\t\talt=\"T\u00f8rkl\u00e6dering - v\u00e6rksted 14.01.2009\"\n\t\t\t\t\t\t\t\t\t\tsrc=\"https:\/\/bedstedloe.gruppesite.dk\/wp-content\/uploads\/sites\/134\/nggallery\/toerklaedering-vaerksted\/cache\/Bliv-dog-varm-br%C3%A6nder.jpg-nggid015-ngg0dyn-91x68-00f0w010c011r110f110r010t010.jpg?t=1577142902\"\/>\n\t\t\t\t\t\t\t\t<\/a>\n\t\t\t\t\t\t\t\t\t\t\t\t\t\t\t\t\t\t<\/div>\n\t\t\t\t<\/div>\n\t\t\t\t\t\t\t\t<h4>\n\t\t\t\t\t<a class='ngg-album-desc'\n\t\t\t\t\ttitle='T\u00f8rkl\u00e6dering - v\u00e6rksted 14.01.2009' href='https:\/\/bedstedloe.gruppesite.dk\/index.php\/nggallery\/ulve\/toerklaedering-vaerksted?page_id=283'style=\"max-width: 111px\"\t\t\t\t\t>\n\t\t\t\t\t\tT\u00f8rkl\u00e6dering - v\u00e6rksted 14.01.2009\t\t\t\t\t<\/a>\n\t\t\t\t<\/h4>\n\t\t\t\t<p class=\"ngg-album-gallery-image-counter\">\n\t\t\t\t\t\t\t\t\t\t\t<strong>35<\/strong>&nbsp;Fotos\t\t\t\t\t\t\t\t\t<\/p>\n\t\t\t<\/div>\n\t\t\t\t\t<div class=\"ngg-album-compact\">\n\t\t\t\t<div class=\"ngg-album-compactbox\">\n\t\t\t\t\t<div class=\"ngg-album-link\">\n\t\t\t\t\t\t\t\t\t\t\t\t\t\t\t\t\t\t\t\t\t<a title='For\u00e6ldreaften 20.05.2009' href='https:\/\/bedstedloe.gruppesite.dk\/index.php\/nggallery\/ulve\/foraeldreaften-20-05-2009?page_id=283'>\n\t\t\t\t\t\t\t\t\t<img class=\"Thumb\"\n\t\t\t\t\t\t\t\t\t\talt=\"For\u00e6ldreaften 20.05.2009\"\n\t\t\t\t\t\t\t\t\t\tsrc=\"https:\/\/bedstedloe.gruppesite.dk\/wp-content\/uploads\/sites\/134\/nggallery\/foraeldreaften-20-05-2009\/cache\/09-076.jpg-nggid03126-ngg0dyn-91x68-00f0w010c011r110f110r010t010.jpg?t=1577142904\"\/>\n\t\t\t\t\t\t\t\t<\/a>\n\t\t\t\t\t\t\t\t\t\t\t\t\t\t\t\t\t\t<\/div>\n\t\t\t\t<\/div>\n\t\t\t\t\t\t\t\t<h4>\n\t\t\t\t\t<a class='ngg-album-desc'\n\t\t\t\t\ttitle='For\u00e6ldreaften 20.05.2009' href='https:\/\/bedstedloe.gruppesite.dk\/index.php\/nggallery\/ulve\/foraeldreaften-20-05-2009?page_id=283'style=\"max-width: 111px\"\t\t\t\t\t>\n\t\t\t\t\t\tFor\u00e6ldreaften 20.05.2009\t\t\t\t\t<\/a>\n\t\t\t\t<\/h4>\n\t\t\t\t<p class=\"ngg-album-gallery-image-counter\">\n\t\t\t\t\t\t\t\t\t\t\t<strong>20<\/strong>&nbsp;Fotos\t\t\t\t\t\t\t\t\t<\/p>\n\t\t\t<\/div>\n\t\t\t\t\t<div class=\"ngg-album-compact\">\n\t\t\t\t<div class=\"ngg-album-compactbox\">\n\t\t\t\t\t<div class=\"ngg-album-link\">\n\t\t\t\t\t\t\t\t\t\t\t\t\t\t\t\t\t\t\t\t\t<a title='Distriktstunering 13.06.2009' href='https:\/\/bedstedloe.gruppesite.dk\/index.php\/nggallery\/ulve\/distriktstunering-13-06-2009?page_id=283'>\n\t\t\t\t\t\t\t\t\t<img class=\"Thumb\"\n\t\t\t\t\t\t\t\t\t\talt=\"Distriktstunering 13.06.2009\"\n\t\t\t\t\t\t\t\t\t\tsrc=\"https:\/\/bedstedloe.gruppesite.dk\/wp-content\/uploads\/sites\/134\/nggallery\/distriktstunering-13-06-2009\/cache\/09-001.jpg-nggid03146-ngg0dyn-91x68-00f0w010c011r110f110r010t010.jpg?t=1577142896\"\/>\n\t\t\t\t\t\t\t\t<\/a>\n\t\t\t\t\t\t\t\t\t\t\t\t\t\t\t\t\t\t<\/div>\n\t\t\t\t<\/div>\n\t\t\t\t\t\t\t\t<h4>\n\t\t\t\t\t<a class='ngg-album-desc'\n\t\t\t\t\ttitle='Distriktstunering 13.06.2009' href='https:\/\/bedstedloe.gruppesite.dk\/index.php\/nggallery\/ulve\/distriktstunering-13-06-2009?page_id=283'style=\"max-width: 111px\"\t\t\t\t\t>\n\t\t\t\t\t\tDistriktstunering 13.06.2009\t\t\t\t\t<\/a>\n\t\t\t\t<\/h4>\n\t\t\t\t<p class=\"ngg-album-gallery-image-counter\">\n\t\t\t\t\t\t\t\t\t\t\t<strong>30<\/strong>&nbsp;Fotos\t\t\t\t\t\t\t\t\t<\/p>\n\t\t\t<\/div>\n\t\t\t\t\t<div class=\"ngg-album-compact\">\n\t\t\t\t<div class=\"ngg-album-compactbox\">\n\t\t\t\t\t<div class=\"ngg-album-link\">\n\t\t\t\t\t\t\t\t\t\t\t\t\t\t\t\t\t\t\t\t\t<a title='Naturvandring 27.05.2009' href='https:\/\/bedstedloe.gruppesite.dk\/index.php\/nggallery\/ulve\/naturvandring-27-05-09?page_id=283'>\n\t\t\t\t\t\t\t\t\t<img class=\"Thumb\"\n\t\t\t\t\t\t\t\t\t\talt=\"Naturvandring 27.05.2009\"\n\t\t\t\t\t\t\t\t\t\tsrc=\"https:\/\/bedstedloe.gruppesite.dk\/wp-content\/uploads\/sites\/134\/nggallery\/naturvandring-27-05-09\/cache\/09-096.jpg-nggid0242-ngg0dyn-91x68-00f0w010c011r110f110r010t010.jpg?t=1577142896\"\/>\n\t\t\t\t\t\t\t\t<\/a>\n\t\t\t\t\t\t\t\t\t\t\t\t\t\t\t\t\t\t<\/div>\n\t\t\t\t<\/div>\n\t\t\t\t\t\t\t\t<h4>\n\t\t\t\t\t<a class='ngg-album-desc'\n\t\t\t\t\ttitle='Naturvandring 27.05.2009' href='https:\/\/bedstedloe.gruppesite.dk\/index.php\/nggallery\/ulve\/naturvandring-27-05-09?page_id=283'style=\"max-width: 111px\"\t\t\t\t\t>\n\t\t\t\t\t\tNaturvandring 27.05.2009\t\t\t\t\t<\/a>\n\t\t\t\t<\/h4>\n\t\t\t\t<p class=\"ngg-album-gallery-image-counter\">\n\t\t\t\t\t\t\t\t\t\t\t<strong>52<\/strong>&nbsp;Fotos\t\t\t\t\t\t\t\t\t<\/p>\n\t\t\t<\/div>\n\t\t\t\t<br class=\"ngg-clear\"\/>\n\t\t<div class='ngg-clear'><\/div>\t<\/div>\n<\/p>\n<p>Link herunder \u00e5bner et picasa-album.<\/p>\n<p><strong><a href=\"https:\/\/picasaweb.google.com\/106877509374897039212\/Distriktstunering2009?authkey=Gv1sRgCL2vk47Bju-HpwE\">Distriktstunering d. 13-06-2009<\/a><\/strong><\/p>\n<p>&nbsp;<\/p>\n<p>&nbsp;<\/p>\n<p>&nbsp;<\/p>\n<p>&nbsp;<\/p>\n<p>&nbsp;<\/p>\n<p><strong><a href=\"https:\/\/picasaweb.google.com\/106877509374897039212\/BroVandAktivitetD11April2005?authkey=Gv1sRgCIuJrOCJ4LqUpAE\">Bro &#8211; vand aktivitet d. 11-04-2005<\/a><\/strong><\/p>\n","protected":false},"excerpt":{"rendered":"<p>Her kan du se en masse gamle ulve billeder, m\u00e5ske kan du finde dig selv som ung. Bro &#8211; vand..<\/p>\n","protected":false},"author":319,"featured_media":0,"parent":0,"menu_order":0,"comment_status":"closed","ping_status":"closed","template":"template\/template_enhed.php","meta":{"ngg_post_thumbnail":0,"footnotes":""},"class_list":["post-283","page","type-page","status-publish","hentry"],"_links":{"self":[{"href":"https:\/\/bedstedloe.gruppesite.dk\/index.php?rest_route=\/wp\/v2\/pages\/283","targetHints":{"allow":["GET"]}}],"collection":[{"href":"https:\/\/bedstedloe.gruppesite.dk\/index.php?rest_route=\/wp\/v2\/pages"}],"about":[{"href":"https:\/\/bedstedloe.gruppesite.dk\/index.php?rest_route=\/wp\/v2\/types\/page"}],"author":[{"embeddable":true,"href":"https:\/\/bedstedloe.gruppesite.dk\/index.php?rest_route=\/wp\/v2\/users\/319"}],"replies":[{"embeddable":true,"href":"https:\/\/bedstedloe.gruppesite.dk\/index.php?rest_route=%2Fwp%2Fv2%2Fcomments&post=283"}],"version-history":[{"count":16,"href":"https:\/\/bedstedloe.gruppesite.dk\/index.php?rest_route=\/wp\/v2\/pages\/283\/revisions"}],"predecessor-version":[{"id":1350,"href":"https:\/\/bedstedloe.gruppesite.dk\/index.php?rest_route=\/wp\/v2\/pages\/283\/revisions\/1350"}],"wp:attachment":[{"href":"https:\/\/bedstedloe.gruppesite.dk\/index.php?rest_route=%2Fwp%2Fv2%2Fmedia&parent=283"}],"curies":[{"name":"wp","href":"https:\/\/api.w.org\/{rel}","templated":true}]}}