



{"id":286,"date":"2016-03-12T18:44:35","date_gmt":"2016-03-12T18:44:35","guid":{"rendered":"http:\/\/bedstedloe.gruppesite.dk\/?page_id=286"},"modified":"2023-04-07T09:41:26","modified_gmt":"2023-04-07T09:41:26","slug":"spejder-billeder","status":"publish","type":"page","link":"https:\/\/bedstedloe.gruppesite.dk\/?page_id=286","title":{"rendered":"Spejder billeder"},"content":{"rendered":"<p>&nbsp;<\/p>\n<p>Der findes mange flere nye billeder p\u00e5 vores Facebook side <a href=\"https:\/\/www.facebook.com\/groups\/949569258409214\/\">KFUM Spejderne Bedsted L\u00f8<\/a><\/p>\n<p>&nbsp;<\/p>\n<p>Link herunder \u00e5bner et picasa-album.<\/p>\n<p><strong><a href=\"https:\/\/picasaweb.google.com\/106877509374897039212\/GEOcachingMedSpejdere?authkey=Gv1sRgCNyf6cHK_oiFtQE\">GEOcaching med spejdere d. 02-10-2010<\/a><\/strong><\/p>\n<p><strong><a href=\"https:\/\/picasaweb.google.com\/106877509374897039212\/TurDeBedsted2008?authkey=Gv1sRgCKSIq4Do8Mn35gE\">Tur d\u00e9 Bedsted d. 27-08-2008<\/a><\/strong><\/p>\n<p>&nbsp;<\/p>\n<p>&nbsp;<\/p>\n","protected":false},"excerpt":{"rendered":"<p>&nbsp; Der findes mange flere nye billeder p\u00e5 vores Facebook side KFUM Spejderne Bedsted L\u00f8 &nbsp; Link herunder \u00e5bner et..<\/p>\n","protected":false},"author":319,"featured_media":0,"parent":0,"menu_order":0,"comment_status":"closed","ping_status":"closed","template":"template\/template_enhed.php","meta":{"ngg_post_thumbnail":0,"footnotes":""},"class_list":["post-286","page","type-page","status-publish","hentry"],"_links":{"self":[{"href":"https:\/\/bedstedloe.gruppesite.dk\/index.php?rest_route=\/wp\/v2\/pages\/286","targetHints":{"allow":["GET"]}}],"collection":[{"href":"https:\/\/bedstedloe.gruppesite.dk\/index.php?rest_route=\/wp\/v2\/pages"}],"about":[{"href":"https:\/\/bedstedloe.gruppesite.dk\/index.php?rest_route=\/wp\/v2\/types\/page"}],"author":[{"embeddable":true,"href":"https:\/\/bedstedloe.gruppesite.dk\/index.php?rest_route=\/wp\/v2\/users\/319"}],"replies":[{"embeddable":true,"href":"https:\/\/bedstedloe.gruppesite.dk\/index.php?rest_route=%2Fwp%2Fv2%2Fcomments&post=286"}],"version-history":[{"count":13,"href":"https:\/\/bedstedloe.gruppesite.dk\/index.php?rest_route=\/wp\/v2\/pages\/286\/revisions"}],"predecessor-version":[{"id":1820,"href":"https:\/\/bedstedloe.gruppesite.dk\/index.php?rest_route=\/wp\/v2\/pages\/286\/revisions\/1820"}],"wp:attachment":[{"href":"https:\/\/bedstedloe.gruppesite.dk\/index.php?rest_route=%2Fwp%2Fv2%2Fmedia&parent=286"}],"curies":[{"name":"wp","href":"https:\/\/api.w.org\/{rel}","templated":true}]}}