



{"id":49,"date":"2014-10-14T15:46:31","date_gmt":"2014-10-14T15:46:31","guid":{"rendered":"http:\/\/xml.gruppesite.dk\/?page_id=38"},"modified":"2023-04-07T07:42:39","modified_gmt":"2023-04-07T07:42:39","slug":"enhederne","status":"publish","type":"page","link":"https:\/\/bedstedloe.gruppesite.dk\/?page_id=49","title":{"rendered":"Enhederne"},"content":{"rendered":"<p>Hos Bedsted L\u00f8.&nbsp;gruppen opdeler vi spejderne i enheder, ud fra hvilken skoleklasse de g\u00e5r i.<\/p>\n<p>Pris pr. \u00bd\u00e5r 250Kr.<\/p>\n<p>!!OBS!! vi afholder ikke spejder i skolernes ferier.<\/p>\n<h3><span style=\"color: #008000\"><strong>Enhederne:<\/strong><\/span><\/h3>\n<h4><a href=\"http:\/\/bedstedloe.gruppesite.dk\/familiespejder\/\"><span style=\"color: #808000\">Familiespejder:<\/span><\/a><\/h4>\n<p>Vi har PT ingen Familiespejder.<\/p>\n<p>\u00d8nsker du at v\u00e6re med s\u00e5 kontakt os gerne p\u00e5:<\/p>\n<p>kfumspejdernebedsted@gmail.com<\/p>\n<p>&nbsp;<\/p>\n<h4><a href=\"http:\/\/bedstedloe.gruppesite.dk\/baever\/\"><span style=\"color: #808000\">B\u00e6ver:<\/span><\/a><\/h4>\n<p>Alder 6-8 \u00c5r (b\u00f8rnehaveklasse &#8211; 1&nbsp; klasse)<\/p>\n<p>vi er i \u00f8jeblikket 8 B\u00e6vere&nbsp;<\/p>\n<p>Hvorn\u00e5r?&nbsp; &nbsp;Hver Mandag<\/p>\n<p>Kl 17,00 &#8211; 18,30<\/p>\n<h4><a href=\"http:\/\/bedstedloe.gruppesite.dk\/baever\/\"><span style=\"color: #808000\">Ulve<\/span><\/a>:<\/h4>\n<p>Alder: 8-10 \u00e5r (2 &amp; 3 Klasse)<\/p>\n<p>Hvorn\u00e5r? Hver Mandag<\/p>\n<p>Kl 18-19,30<\/p>\n<p>Der er i \u00f8jeblikket 8 Ulve.<\/p>\n<h4><a href=\"http:\/\/bedstedloe.gruppesite.dk\/spejder\/\"><span style=\"color: #808000\">Spejder:<\/span><\/a><\/h4>\n<p>Alder 12 \u00c5r (Fra 4 klasse og op)<\/p>\n<p>Hvorn\u00e5r?&nbsp; &nbsp;hver Mandag&nbsp;<\/p>\n<p>KL. 18,30-20,00<\/p>\n<p><span style=\"color: #808000\">Rovere:<\/span><\/p>\n<p>Der er PT. ingen Rovere.<br \/>\nHar du lyst s\u00e5 t\u00f8v ikke med at skrive.<br \/>\nkfumspejdernebedsted@gmail.com<\/p>\n<p>&nbsp;<\/p>\n<p>Opdateret d. 6\/8-2023.<\/p>\n","protected":false},"excerpt":{"rendered":"<p>Hos Bedsted L\u00f8.&nbsp;gruppen opdeler vi spejderne i enheder, ud fra hvilken skoleklasse de g\u00e5r i. Pris pr. \u00bd\u00e5r 250Kr. !!OBS!!..<\/p>\n","protected":false},"author":319,"featured_media":0,"parent":0,"menu_order":0,"comment_status":"closed","ping_status":"closed","template":"template\/template_enhed.php","meta":{"ngg_post_thumbnail":0,"footnotes":""},"class_list":["post-49","page","type-page","status-publish","hentry"],"_links":{"self":[{"href":"https:\/\/bedstedloe.gruppesite.dk\/index.php?rest_route=\/wp\/v2\/pages\/49","targetHints":{"allow":["GET"]}}],"collection":[{"href":"https:\/\/bedstedloe.gruppesite.dk\/index.php?rest_route=\/wp\/v2\/pages"}],"about":[{"href":"https:\/\/bedstedloe.gruppesite.dk\/index.php?rest_route=\/wp\/v2\/types\/page"}],"author":[{"embeddable":true,"href":"https:\/\/bedstedloe.gruppesite.dk\/index.php?rest_route=\/wp\/v2\/users\/319"}],"replies":[{"embeddable":true,"href":"https:\/\/bedstedloe.gruppesite.dk\/index.php?rest_route=%2Fwp%2Fv2%2Fcomments&post=49"}],"version-history":[{"count":12,"href":"https:\/\/bedstedloe.gruppesite.dk\/index.php?rest_route=\/wp\/v2\/pages\/49\/revisions"}],"predecessor-version":[{"id":1838,"href":"https:\/\/bedstedloe.gruppesite.dk\/index.php?rest_route=\/wp\/v2\/pages\/49\/revisions\/1838"}],"wp:attachment":[{"href":"https:\/\/bedstedloe.gruppesite.dk\/index.php?rest_route=%2Fwp%2Fv2%2Fmedia&parent=49"}],"curies":[{"name":"wp","href":"https:\/\/api.w.org\/{rel}","templated":true}]}}