



{"id":55,"date":"2015-01-03T22:07:27","date_gmt":"2015-01-03T22:07:27","guid":{"rendered":"http:\/\/xml.gruppesite.dk\/?page_id=49"},"modified":"2023-04-07T07:45:33","modified_gmt":"2023-04-07T07:45:33","slug":"om-os","status":"publish","type":"page","link":"https:\/\/bedstedloe.gruppesite.dk\/?page_id=55","title":{"rendered":"Om Os"},"content":{"rendered":"<p>KFUM-Spejderne giver b\u00f8rn og unge mod til sammen at tage ansvar for en bedre verden.<\/p>\n<p>Det g\u00f8r vi ved at udvikle v\u00e6rdifulde kompetencer og skabe meningsfulde f\u00e6llesskaber, som er attraktive for flere b\u00f8rn og unge.<\/p>\n<p>Det betyder, at den enkelte spejder f\u00f8ler sig stolt over og anerkendt for at g\u00f8re en forskel.<\/p>\n<p>Hos Bedsted L\u00f8.&nbsp;gruppen er alle vores ledere frivillige og ul\u00f8nnede. Vi er ikke-parti-politisk og byder alle velkomne uanset oprindelse, sociale vilk\u00e5r eller religion.<\/p>\n<p>Vores form\u00e5l at bidrage til, at b\u00f8rn og unge l\u00e6rer at blive selvst\u00e6ndige, f\u00e5r en demokratisk livsholdning, tager medansvar og realiserer deres fulde potentiale.<\/p>\n<p>Spejderbev\u00e6gelsen er funderet p\u00e5 v\u00e6rdier, man ogs\u00e5 m\u00f8der i kristendommen, men vi er ikke en missionerende forening.<\/p>\n","protected":false},"excerpt":{"rendered":"<p>KFUM-Spejderne giver b\u00f8rn og unge mod til sammen at tage ansvar for en bedre verden. Det g\u00f8r vi ved at..<\/p>\n","protected":false},"author":319,"featured_media":0,"parent":0,"menu_order":0,"comment_status":"closed","ping_status":"closed","template":"template\/template_enhed.php","meta":{"ngg_post_thumbnail":0,"footnotes":""},"class_list":["post-55","page","type-page","status-publish","hentry"],"_links":{"self":[{"href":"https:\/\/bedstedloe.gruppesite.dk\/index.php?rest_route=\/wp\/v2\/pages\/55","targetHints":{"allow":["GET"]}}],"collection":[{"href":"https:\/\/bedstedloe.gruppesite.dk\/index.php?rest_route=\/wp\/v2\/pages"}],"about":[{"href":"https:\/\/bedstedloe.gruppesite.dk\/index.php?rest_route=\/wp\/v2\/types\/page"}],"author":[{"embeddable":true,"href":"https:\/\/bedstedloe.gruppesite.dk\/index.php?rest_route=\/wp\/v2\/users\/319"}],"replies":[{"embeddable":true,"href":"https:\/\/bedstedloe.gruppesite.dk\/index.php?rest_route=%2Fwp%2Fv2%2Fcomments&post=55"}],"version-history":[{"count":2,"href":"https:\/\/bedstedloe.gruppesite.dk\/index.php?rest_route=\/wp\/v2\/pages\/55\/revisions"}],"predecessor-version":[{"id":1345,"href":"https:\/\/bedstedloe.gruppesite.dk\/index.php?rest_route=\/wp\/v2\/pages\/55\/revisions\/1345"}],"wp:attachment":[{"href":"https:\/\/bedstedloe.gruppesite.dk\/index.php?rest_route=%2Fwp%2Fv2%2Fmedia&parent=55"}],"curies":[{"name":"wp","href":"https:\/\/api.w.org\/{rel}","templated":true}]}}