



{"id":62,"date":"2015-01-03T22:19:51","date_gmt":"2015-01-03T22:19:51","guid":{"rendered":"http:\/\/xml.gruppesite.dk\/?page_id=62"},"modified":"2023-04-07T07:43:13","modified_gmt":"2023-04-07T07:43:13","slug":"baever","status":"publish","type":"page","link":"https:\/\/bedstedloe.gruppesite.dk\/?page_id=62","title":{"rendered":"Ulve"},"content":{"rendered":"<div>\n<p><strong><span style=\"color: #808000\">Ulve er for dig, som g\u00e5r i 2. &amp; 3. klasse.<\/span><\/strong><\/p>\n<p>Der er ulvem\u00f8der hver Mandag fra 17,30-19,00 (Undtaget skolernes ferie)<\/p>\n<p>Du er med i ulveflokken, hvor alle f\u00e5r et ulvenavn af Akela (f\u00f8rerulven) ved et fuldm\u00e5nem\u00f8de. Navnene er hentet fra Rudyard Kipling Junglebogen.<\/p>\n<p>I flokken l\u00e6rer de at holde sammen og hj\u00e6lpe hinanden. Der er masse af leg og s\u00e5 skal vi l\u00e6rer om naturen, hvordan vi bruger en kniv(dolk) og du f\u00e5r ogs\u00e5 l\u00e6rt at lave b\u00e5l. Et par gange er du til gudstjeneste: den \u00e5rlige h\u00f8stgudstjeneste og sidst i oktober en s\u00e6rlig gudstjeneste kaldet BUSK gudstjeneste. Det st\u00e5r for b\u00f8rn unge sogn og kirke.<\/p>\n<p>Kontingentet er 250 kr. pr. \u00bd \u00e5r.<\/p>\n<p><strong><span style=\"color: #808000\">Du m\u00f8der lederne<\/span><\/strong><\/p>\n<p><strong><span style=\"color: #808000\">Anita &amp; Lena<\/span><\/strong><\/p>\n<p>Tlf 20 33 74 07<\/p>\n<p>Opdateret d. 6\/4 2023.<\/p>\n<\/div>\n<div>&nbsp;<\/div>\n","protected":false},"excerpt":{"rendered":"<p>Ulve er for dig, som g\u00e5r i 2. &amp; 3. klasse. Der er ulvem\u00f8der hver Mandag fra 17,30-19,00 (Undtaget skolernes..<\/p>\n","protected":false},"author":319,"featured_media":0,"parent":49,"menu_order":0,"comment_status":"closed","ping_status":"closed","template":"template\/template_enhed.php","meta":{"ngg_post_thumbnail":0,"footnotes":""},"class_list":["post-62","page","type-page","status-publish","hentry"],"_links":{"self":[{"href":"https:\/\/bedstedloe.gruppesite.dk\/index.php?rest_route=\/wp\/v2\/pages\/62","targetHints":{"allow":["GET"]}}],"collection":[{"href":"https:\/\/bedstedloe.gruppesite.dk\/index.php?rest_route=\/wp\/v2\/pages"}],"about":[{"href":"https:\/\/bedstedloe.gruppesite.dk\/index.php?rest_route=\/wp\/v2\/types\/page"}],"author":[{"embeddable":true,"href":"https:\/\/bedstedloe.gruppesite.dk\/index.php?rest_route=\/wp\/v2\/users\/319"}],"replies":[{"embeddable":true,"href":"https:\/\/bedstedloe.gruppesite.dk\/index.php?rest_route=%2Fwp%2Fv2%2Fcomments&post=62"}],"version-history":[{"count":21,"href":"https:\/\/bedstedloe.gruppesite.dk\/index.php?rest_route=\/wp\/v2\/pages\/62\/revisions"}],"predecessor-version":[{"id":1329,"href":"https:\/\/bedstedloe.gruppesite.dk\/index.php?rest_route=\/wp\/v2\/pages\/62\/revisions\/1329"}],"up":[{"embeddable":true,"href":"https:\/\/bedstedloe.gruppesite.dk\/index.php?rest_route=\/wp\/v2\/pages\/49"}],"wp:attachment":[{"href":"https:\/\/bedstedloe.gruppesite.dk\/index.php?rest_route=%2Fwp%2Fv2%2Fmedia&parent=62"}],"curies":[{"name":"wp","href":"https:\/\/api.w.org\/{rel}","templated":true}]}}