



{"id":637,"date":"2016-03-13T16:12:36","date_gmt":"2016-03-13T16:12:36","guid":{"rendered":"http:\/\/bedstedloe.gruppesite.dk\/?page_id=637"},"modified":"2023-04-07T07:44:21","modified_gmt":"2023-04-07T07:44:21","slug":"sommerlejre","status":"publish","type":"page","link":"https:\/\/bedstedloe.gruppesite.dk\/?page_id=637","title":{"rendered":"Sommerlejre"},"content":{"rendered":"<p>Her er der billeder fra diverse spejderlejre, pr\u00f8v at finde dig selv.<\/p>\n<p>Link herunder \u00e5bner et picasa-album.<\/p>\n<p><strong><a href=\"https:\/\/picasaweb.google.com\/106877509374897039212\/See2010?authkey=Gv1sRgCJTN2sGV0pOprAE\">See 2010<\/a><\/strong><\/p>\n<p><strong><a href=\"https:\/\/picasaweb.google.com\/106877509374897039212\/AssenbKmLleCenterlejr09?authkey=Gv1sRgCKbqnfiavLDe7AE\">Assenb\u00e6km\u00f8lle centerlejr 09<\/a><\/strong><\/p>\n<p><strong><a href=\"https:\/\/picasaweb.google.com\/106877509374897039212\/Spejdersommerlejr2008?authkey=Gv1sRgCJnRuKDD4Nj7XA\">Spejdersommerlejr 2008<\/a><\/strong><\/p>\n<p><strong><a href=\"https:\/\/picasaweb.google.com\/106877509374897039212\/Ulvesommerlejr2006?authkey=Gv1sRgCO3okOaN9oLS8wE\">Ulvesommerlejr 2006<\/a><\/strong><\/p>\n<p>&nbsp;<\/p>\n\n\n<p><\/p>\n","protected":false},"excerpt":{"rendered":"<p>Her er der billeder fra diverse spejderlejre, pr\u00f8v at finde dig selv. Link herunder \u00e5bner et picasa-album. See 2010 Assenb\u00e6km\u00f8lle..<\/p>\n","protected":false},"author":319,"featured_media":0,"parent":0,"menu_order":0,"comment_status":"closed","ping_status":"closed","template":"template\/template_enhed.php","meta":{"ngg_post_thumbnail":0,"footnotes":""},"class_list":["post-637","page","type-page","status-publish","hentry"],"_links":{"self":[{"href":"https:\/\/bedstedloe.gruppesite.dk\/index.php?rest_route=\/wp\/v2\/pages\/637","targetHints":{"allow":["GET"]}}],"collection":[{"href":"https:\/\/bedstedloe.gruppesite.dk\/index.php?rest_route=\/wp\/v2\/pages"}],"about":[{"href":"https:\/\/bedstedloe.gruppesite.dk\/index.php?rest_route=\/wp\/v2\/types\/page"}],"author":[{"embeddable":true,"href":"https:\/\/bedstedloe.gruppesite.dk\/index.php?rest_route=\/wp\/v2\/users\/319"}],"replies":[{"embeddable":true,"href":"https:\/\/bedstedloe.gruppesite.dk\/index.php?rest_route=%2Fwp%2Fv2%2Fcomments&post=637"}],"version-history":[{"count":5,"href":"https:\/\/bedstedloe.gruppesite.dk\/index.php?rest_route=\/wp\/v2\/pages\/637\/revisions"}],"predecessor-version":[{"id":1608,"href":"https:\/\/bedstedloe.gruppesite.dk\/index.php?rest_route=\/wp\/v2\/pages\/637\/revisions\/1608"}],"wp:attachment":[{"href":"https:\/\/bedstedloe.gruppesite.dk\/index.php?rest_route=%2Fwp%2Fv2%2Fmedia&parent=637"}],"curies":[{"name":"wp","href":"https:\/\/api.w.org\/{rel}","templated":true}]}}