



{"id":836,"date":"2017-11-23T19:20:18","date_gmt":"2017-11-23T19:20:18","guid":{"rendered":"http:\/\/bedstedloe.gruppesite.dk\/?page_id=836"},"modified":"2025-05-09T06:46:54","modified_gmt":"2025-05-09T06:46:54","slug":"hytteudlejning","status":"publish","type":"page","link":"https:\/\/bedstedloe.gruppesite.dk\/?page_id=836","title":{"rendered":"Hytteudlejning"},"content":{"rendered":"<h3>HYTTEUDLEJNING<\/h3>\n<p><a href=\"https:\/\/calendar.google.com\/calendar\/u\/0?cid=a2Z1bXNwZWpkZXJuZWJlZHN0ZWRAZ21haWwuY29t\">Se om hytten er ledig her<\/a>.<\/p>\n<p>&nbsp;<\/p>\n<p>N\u00e5r der laves kontrakt eftersp\u00f8rges reg og kontonummer for at kunne tilbagebetale depositum.<\/p>\n<p>Vores hytte udlejes til at fejre h\u00f8jtider i familien, som f.eks.:<\/p>\n<ul>\n<li>F\u00f8dselsdage, dog ikke 18 \u00e5rs f\u00f8dselsdage.<\/li>\n<li>Bryllup<\/li>\n<li>Div. efterf\u00f8lgende bryllupper: f.eks. s\u00f8lv-, guld- etc.<\/li>\n<li>Andre begivenheder kan ogs\u00e5 fejres her.<\/li>\n<\/ul>\n<p>Der er dog nogle fester vi ikke \u00f8nsker at l\u00e6gge hytte til, og det er:<\/p>\n<ul>\n<li>Ungdomsfester<\/li>\n<li>Skoleafslutning<\/li>\n<li>18 \u00e5rs f\u00f8dselsdage<\/li>\n<\/ul>\n<p>Priser.<br>Depositum: 1000Kr.<br>Leje F\u00f8rste dag: 1800Kr.<br>Leje Efterf\u00f8lgende dag : 700Kr.<\/p>\n<p>Str\u00f8m afregnes med: 5kr\/khw.<\/p>\n<p>Reng\u00f8ring kan tilk\u00f8bes for 700kr.<\/p>\n<p>Husk det er en Spejderhytte.<br>Ikke et Hotel\/forsamlingshus<\/p>\n<p>Kontakt til udlejning af spejderhytten,<br>via E-mail: <a href=\"kfumbedsted@bedstedsogn.dk\">Kfumbedsted@bedstedsogn.dk<\/a>&nbsp;,<br>s\u00e5 svarer vi snarest muligt.<\/p>\n<p>Hytten udlejes kun hele dage, og hele weekender.<br>\u00d8nsker man adgang dagen f\u00f8r til ops\u00e6tning eller lign betales for en ekstra dag.<\/p>\n<p>&nbsp;<\/p>\n\n\n<details class=\"wp-block-details is-layout-flow wp-block-details-is-layout-flow\"><summary><\/summary>\n<div class=\"wp-block-contact-form-7-contact-form-selector\">\n<div class=\"wpcf7 no-js\" id=\"wpcf7-f1395-o1\" lang=\"da-DK\" dir=\"ltr\" data-wpcf7-id=\"1395\">\n<div class=\"screen-reader-response\"><p role=\"status\" aria-live=\"polite\" aria-atomic=\"true\"><\/p> <ul><\/ul><\/div>\n<form action=\"\/index.php?rest_route=%2Fwp%2Fv2%2Fpages%2F836#wpcf7-f1395-o1\" method=\"post\" class=\"wpcf7-form init\" aria-label=\"Kontaktformular\" novalidate=\"novalidate\" data-status=\"init\">\n<fieldset class=\"hidden-fields-container\"><input type=\"hidden\" name=\"_wpcf7\" value=\"1395\" \/><input type=\"hidden\" name=\"_wpcf7_version\" value=\"6.1.5\" \/><input type=\"hidden\" name=\"_wpcf7_locale\" value=\"da_DK\" \/><input type=\"hidden\" name=\"_wpcf7_unit_tag\" value=\"wpcf7-f1395-o1\" \/><input type=\"hidden\" name=\"_wpcf7_container_post\" value=\"0\" \/><input type=\"hidden\" name=\"_wpcf7_posted_data_hash\" value=\"\" \/>\n<\/fieldset>\n<p><label> Dit navn<br \/>\n<span class=\"wpcf7-form-control-wrap\" data-name=\"your-name\"><input size=\"40\" maxlength=\"400\" class=\"wpcf7-form-control wpcf7-text wpcf7-validates-as-required\" autocomplete=\"name\" aria-required=\"true\" aria-invalid=\"false\" value=\"\" type=\"text\" name=\"your-name\" \/><\/span> <\/label>\n<\/p>\n<p><label> Din e-mail<br \/>\n<span class=\"wpcf7-form-control-wrap\" data-name=\"your-email\"><input size=\"40\" maxlength=\"400\" class=\"wpcf7-form-control wpcf7-email wpcf7-validates-as-required wpcf7-text wpcf7-validates-as-email\" autocomplete=\"email\" aria-required=\"true\" aria-invalid=\"false\" value=\"\" type=\"email\" name=\"your-email\" \/><\/span> <\/label>\n<\/p>\n<p><label> Dato for leje<br \/>\n<span class=\"wpcf7-form-control-wrap\" data-name=\"your-subject\"><input size=\"40\" maxlength=\"400\" class=\"wpcf7-form-control wpcf7-text wpcf7-validates-as-required\" aria-required=\"true\" aria-invalid=\"false\" value=\"\" type=\"text\" name=\"your-subject\" \/><\/span> <\/label>\n<\/p>\n<p><label> Din besked (valgfri)<br \/>\n<span class=\"wpcf7-form-control-wrap\" data-name=\"your-message\"><textarea cols=\"40\" rows=\"10\" maxlength=\"2000\" class=\"wpcf7-form-control wpcf7-textarea\" aria-invalid=\"false\" name=\"your-message\"><\/textarea><\/span> <\/label>\n<\/p>\n<p><input class=\"wpcf7-form-control wpcf7-submit has-spinner\" type=\"submit\" value=\"Send\" \/>\n<\/p><div class=\"wpcf7-response-output\" aria-hidden=\"true\"><\/div>\n<\/form>\n<\/div>\n<\/div>\n<\/details>\n\n\n\n<p><\/p>\n","protected":false},"excerpt":{"rendered":"<p>HYTTEUDLEJNING Se om hytten er ledig her. &nbsp; N\u00e5r der laves kontrakt eftersp\u00f8rges reg og kontonummer for at kunne tilbagebetale..<\/p>\n","protected":false},"author":319,"featured_media":0,"parent":0,"menu_order":0,"comment_status":"closed","ping_status":"closed","template":"template\/template_enhed.php","meta":{"ngg_post_thumbnail":0,"footnotes":""},"class_list":["post-836","page","type-page","status-publish","hentry"],"_links":{"self":[{"href":"https:\/\/bedstedloe.gruppesite.dk\/index.php?rest_route=\/wp\/v2\/pages\/836","targetHints":{"allow":["GET"]}}],"collection":[{"href":"https:\/\/bedstedloe.gruppesite.dk\/index.php?rest_route=\/wp\/v2\/pages"}],"about":[{"href":"https:\/\/bedstedloe.gruppesite.dk\/index.php?rest_route=\/wp\/v2\/types\/page"}],"author":[{"embeddable":true,"href":"https:\/\/bedstedloe.gruppesite.dk\/index.php?rest_route=\/wp\/v2\/users\/319"}],"replies":[{"embeddable":true,"href":"https:\/\/bedstedloe.gruppesite.dk\/index.php?rest_route=%2Fwp%2Fv2%2Fcomments&post=836"}],"version-history":[{"count":28,"href":"https:\/\/bedstedloe.gruppesite.dk\/index.php?rest_route=\/wp\/v2\/pages\/836\/revisions"}],"predecessor-version":[{"id":1834,"href":"https:\/\/bedstedloe.gruppesite.dk\/index.php?rest_route=\/wp\/v2\/pages\/836\/revisions\/1834"}],"wp:attachment":[{"href":"https:\/\/bedstedloe.gruppesite.dk\/index.php?rest_route=%2Fwp%2Fv2%2Fmedia&parent=836"}],"curies":[{"name":"wp","href":"https:\/\/api.w.org\/{rel}","templated":true}]}}